{"id":363,"date":"2024-12-06T13:13:44","date_gmt":"2024-12-06T13:13:44","guid":{"rendered":"https:\/\/pontoni.lv\/?post_type=product&#038;p=363"},"modified":"2025-11-04T07:57:14","modified_gmt":"2025-11-04T07:57:14","slug":"220l-pontons","status":"publish","type":"product","link":"https:\/\/pontoni.lv\/index.php\/product\/220l-pontons\/","title":{"rendered":"220L pontons"},"content":{"rendered":"<p>Ar gaisu pild\u012bts plastmasas pontons, notur\u012bgs pret UV starojumu un triecieniem.<\/p>\n<p>No pontoniem var veidot 2.4 m platu laipu 4 &#8211; 6 m garum\u0101, kas var kalpot k\u0101 platforma peldvietai vai maz\u0101ku laivu (maks. 6.1 m) piest\u0101tne.<\/p>\n<p>Piem\u0113rots akvatorij\u0101m ar maksim\u0101lo vi\u013c\u0146u augstumu 0.2 m. Tas ir viegli transport\u0113jams un saliekams. Ziemas period\u0101 ir nepiecie\u0161ama laipas demont\u0101\u017ea.<\/p>\n","protected":false},"excerpt":{"rendered":"<p>Plastmasas pontons 220 L<\/p>\n<ul>\n<li>Kravnes\u012bba 220 kg<\/li>\n<li>Pieejams ar polistirola pild\u012bjumu<\/li>\n<li>Izm\u0113rs 0.8 m x 1.2 m\u00a0 x 0.26 m<\/li>\n<\/ul>\n","protected":false},"featured_media":378,"template":"","meta":{"site-sidebar-layout":"default","site-content-layout":"","ast-site-content-layout":"default","site-content-style":"default","site-sidebar-style":"default","ast-global-header-display":"","ast-banner-title-visibility":"","ast-main-header-display":"","ast-hfb-above-header-display":"","ast-hfb-below-header-display":"","ast-hfb-mobile-header-display":"","site-post-title":"","ast-breadcrumbs-content":"","ast-featured-img":"","footer-sml-layout":"","ast-disable-related-posts":"","theme-transparent-header-meta":"default","adv-header-id-meta":"","stick-header-meta":"","header-above-stick-meta":"","header-main-stick-meta":"","header-below-stick-meta":"","astra-migrate-meta-layouts":"set","ast-page-background-enabled":"default","ast-page-background-meta":{"desktop":{"background-color":"var(--ast-global-color-4)","background-image":"","background-repeat":"repeat","background-position":"center center","background-size":"auto","background-attachment":"scroll","background-type":"","background-media":"","overlay-type":"","overlay-color":"","overlay-opacity":"","overlay-gradient":""},"tablet":{"background-color":"","background-image":"","background-repeat":"repeat","background-position":"center center","background-size":"auto","background-attachment":"scroll","background-type":"","background-media":"","overlay-type":"","overlay-color":"","overlay-opacity":"","overlay-gradient":""},"mobile":{"background-color":"","background-image":"","background-repeat":"repeat","background-position":"center center","background-size":"auto","background-attachment":"scroll","background-type":"","background-media":"","overlay-type":"","overlay-color":"","overlay-opacity":"","overlay-gradient":""}},"ast-content-background-meta":{"desktop":{"background-color":"var(--ast-global-color-5)","background-image":"","background-repeat":"repeat","background-position":"center center","background-size":"auto","background-attachment":"scroll","background-type":"","background-media":"","overlay-type":"","overlay-color":"","overlay-opacity":"","overlay-gradient":""},"tablet":{"background-color":"var(--ast-global-color-5)","background-image":"","background-repeat":"repeat","background-position":"center center","background-size":"auto","background-attachment":"scroll","background-type":"","background-media":"","overlay-type":"","overlay-color":"","overlay-opacity":"","overlay-gradient":""},"mobile":{"background-color":"var(--ast-global-color-5)","background-image":"","background-repeat":"repeat","background-position":"center center","background-size":"auto","background-attachment":"scroll","background-type":"","background-media":"","overlay-type":"","overlay-color":"","overlay-opacity":"","overlay-gradient":""}}},"product_brand":[],"product_cat":[26],"product_tag":[],"class_list":{"0":"post-363","1":"product","2":"type-product","3":"status-publish","4":"has-post-thumbnail","6":"product_cat-pontoni","7":"product_shipping_class-big","8":"desktop-align-left","9":"tablet-align-left","10":"mobile-align-left","12":"first","13":"instock","14":"taxable","15":"shipping-taxable","16":"purchasable","17":"product-type-simple"},"_links":{"self":[{"href":"https:\/\/pontoni.lv\/index.php\/wp-json\/wp\/v2\/product\/363","targetHints":{"allow":["GET"]}}],"collection":[{"href":"https:\/\/pontoni.lv\/index.php\/wp-json\/wp\/v2\/product"}],"about":[{"href":"https:\/\/pontoni.lv\/index.php\/wp-json\/wp\/v2\/types\/product"}],"wp:featuredmedia":[{"embeddable":true,"href":"https:\/\/pontoni.lv\/index.php\/wp-json\/wp\/v2\/media\/378"}],"wp:attachment":[{"href":"https:\/\/pontoni.lv\/index.php\/wp-json\/wp\/v2\/media?parent=363"}],"wp:term":[{"taxonomy":"product_brand","embeddable":true,"href":"https:\/\/pontoni.lv\/index.php\/wp-json\/wp\/v2\/product_brand?post=363"},{"taxonomy":"product_cat","embeddable":true,"href":"https:\/\/pontoni.lv\/index.php\/wp-json\/wp\/v2\/product_cat?post=363"},{"taxonomy":"product_tag","embeddable":true,"href":"https:\/\/pontoni.lv\/index.php\/wp-json\/wp\/v2\/product_tag?post=363"}],"curies":[{"name":"wp","href":"https:\/\/api.w.org\/{rel}","templated":true}]}}