{"id":9,"date":"2022-07-27T09:24:33","date_gmt":"2022-07-27T09:24:33","guid":{"rendered":"http:\/\/pontoni.lv\/?page_id=9"},"modified":"2024-12-17T07:06:36","modified_gmt":"2024-12-17T07:06:36","slug":"produkti","status":"publish","type":"page","link":"https:\/\/pontoni.lv\/index.php\/produkti\/","title":{"rendered":"Produkti"},"content":{"rendered":"\n<h4 class=\"wp-block-heading has-text-align-center\">Pontoni, laipas un piest\u0101t\u0146u aksesu\u0101ri <\/h4>\n\n\n\n<div class=\"wp-block-columns alignwide selection-row is-layout-flex wp-container-core-columns-is-layout-28f84493 wp-block-columns-is-layout-flex\">\n<div class=\"wp-block-column is-layout-flow wp-block-column-is-layout-flow\">\n<figure class=\"wp-block-image size-full menu_item_132\"><a href=\"https:\/\/pontoni.lv\/index.php\/product\/220l-pontons\/\"><img fetchpriority=\"high\" decoding=\"async\" width=\"800\" height=\"800\" src=\"https:\/\/pontoni.lv\/wp-content\/uploads\/2024\/12\/WhatsApp-Image-2024-12-09-at-18.03.21-1.jpeg\" alt=\"\" class=\"wp-image-378\" srcset=\"https:\/\/pontoni.lv\/wp-content\/uploads\/2024\/12\/WhatsApp-Image-2024-12-09-at-18.03.21-1.jpeg 800w, https:\/\/pontoni.lv\/wp-content\/uploads\/2024\/12\/WhatsApp-Image-2024-12-09-at-18.03.21-1-300x300.jpeg 300w, https:\/\/pontoni.lv\/wp-content\/uploads\/2024\/12\/WhatsApp-Image-2024-12-09-at-18.03.21-1-100x100.jpeg 100w, https:\/\/pontoni.lv\/wp-content\/uploads\/2024\/12\/WhatsApp-Image-2024-12-09-at-18.03.21-1-600x600.jpeg 600w, https:\/\/pontoni.lv\/wp-content\/uploads\/2024\/12\/WhatsApp-Image-2024-12-09-at-18.03.21-1-150x150.jpeg 150w, https:\/\/pontoni.lv\/wp-content\/uploads\/2024\/12\/WhatsApp-Image-2024-12-09-at-18.03.21-1-768x768.jpeg 768w, https:\/\/pontoni.lv\/wp-content\/uploads\/2024\/12\/WhatsApp-Image-2024-12-09-at-18.03.21-1-12x12.jpeg 12w\" sizes=\"(max-width: 800px) 100vw, 800px\" \/><\/a><figcaption class=\"wp-element-caption\">220L <br>Peldvietas pontons<br>157,30 EUR (ar PVN)<\/figcaption><\/figure>\n<\/div>\n\n\n\n<div class=\"wp-block-column is-layout-flow wp-block-column-is-layout-flow\">\n<figure class=\"wp-block-image size-full menu_item_132\"><a href=\"https:\/\/pontoni.lv\/index.php\/product\/400l-pontons\/\"><img decoding=\"async\" width=\"800\" height=\"800\" src=\"https:\/\/pontoni.lv\/wp-content\/uploads\/2024\/12\/WhatsApp-Image-2024-12-09-at-18.03.21.jpeg\" alt=\"\" class=\"wp-image-380\" srcset=\"https:\/\/pontoni.lv\/wp-content\/uploads\/2024\/12\/WhatsApp-Image-2024-12-09-at-18.03.21.jpeg 800w, https:\/\/pontoni.lv\/wp-content\/uploads\/2024\/12\/WhatsApp-Image-2024-12-09-at-18.03.21-300x300.jpeg 300w, https:\/\/pontoni.lv\/wp-content\/uploads\/2024\/12\/WhatsApp-Image-2024-12-09-at-18.03.21-100x100.jpeg 100w, https:\/\/pontoni.lv\/wp-content\/uploads\/2024\/12\/WhatsApp-Image-2024-12-09-at-18.03.21-600x600.jpeg 600w, https:\/\/pontoni.lv\/wp-content\/uploads\/2024\/12\/WhatsApp-Image-2024-12-09-at-18.03.21-150x150.jpeg 150w, https:\/\/pontoni.lv\/wp-content\/uploads\/2024\/12\/WhatsApp-Image-2024-12-09-at-18.03.21-768x768.jpeg 768w, https:\/\/pontoni.lv\/wp-content\/uploads\/2024\/12\/WhatsApp-Image-2024-12-09-at-18.03.21-12x12.jpeg 12w\" sizes=\"(max-width: 800px) 100vw, 800px\" \/><\/a><figcaption class=\"wp-element-caption\">400L <br>ECO peldvietas pontons<br>217,80 EUR (ar PVN)<\/figcaption><\/figure>\n<\/div>\n\n\n\n<div class=\"wp-block-column is-layout-flow wp-block-column-is-layout-flow\">\n<figure class=\"wp-block-image size-full menu_item_132\"><a href=\"https:\/\/pontoni.lv\/index.php\/product\/450l-eps-pontons\/\"><img decoding=\"async\" width=\"800\" height=\"800\" src=\"https:\/\/pontoni.lv\/wp-content\/uploads\/2024\/12\/WhatsApp-Image-2024-12-09-at-18.03.21-2.jpeg\" alt=\"\" class=\"wp-image-379\" srcset=\"https:\/\/pontoni.lv\/wp-content\/uploads\/2024\/12\/WhatsApp-Image-2024-12-09-at-18.03.21-2.jpeg 800w, https:\/\/pontoni.lv\/wp-content\/uploads\/2024\/12\/WhatsApp-Image-2024-12-09-at-18.03.21-2-300x300.jpeg 300w, https:\/\/pontoni.lv\/wp-content\/uploads\/2024\/12\/WhatsApp-Image-2024-12-09-at-18.03.21-2-100x100.jpeg 100w, https:\/\/pontoni.lv\/wp-content\/uploads\/2024\/12\/WhatsApp-Image-2024-12-09-at-18.03.21-2-600x600.jpeg 600w, https:\/\/pontoni.lv\/wp-content\/uploads\/2024\/12\/WhatsApp-Image-2024-12-09-at-18.03.21-2-150x150.jpeg 150w, https:\/\/pontoni.lv\/wp-content\/uploads\/2024\/12\/WhatsApp-Image-2024-12-09-at-18.03.21-2-768x768.jpeg 768w, https:\/\/pontoni.lv\/wp-content\/uploads\/2024\/12\/WhatsApp-Image-2024-12-09-at-18.03.21-2-12x12.jpeg 12w\" sizes=\"(max-width: 800px) 100vw, 800px\" \/><\/a><figcaption class=\"wp-element-caption\">450L <br>EPS pild\u012bts laivu piest\u0101tnes pontons<br>329,12 EUR (ar PVN)<\/figcaption><\/figure>\n<\/div>\n<\/div>\n\n\n\n<div class=\"wp-block-columns alignwide selection-row is-layout-flex wp-container-core-columns-is-layout-28f84493 wp-block-columns-is-layout-flex\">\n<div class=\"wp-block-column is-layout-flow wp-block-column-is-layout-flow\">\n<figure class=\"wp-block-image size-full menu_item_132\"><a href=\" https:\/\/pontoni.lv\/index.php\/product\/hdg-7-peldvietas-kapnes\/\"><img loading=\"lazy\" decoding=\"async\" width=\"596\" height=\"800\" src=\"https:\/\/pontoni.lv\/wp-content\/uploads\/2024\/12\/Ladder-4step.jpg\" alt=\"\" class=\"wp-image-288\" srcset=\"https:\/\/pontoni.lv\/wp-content\/uploads\/2024\/12\/Ladder-4step.jpg 596w, https:\/\/pontoni.lv\/wp-content\/uploads\/2024\/12\/Ladder-4step-224x300.jpg 224w\" sizes=\"(max-width: 596px) 100vw, 596px\" \/><\/a><figcaption class=\"wp-element-caption\">4 pak\u0101pienu <br>Fiks\u0113tas vai pace\u013camas<br>302,50 EUR (ar PVN)<br><\/figcaption><\/figure>\n<\/div>\n\n\n\n<div class=\"wp-block-column is-layout-flow wp-block-column-is-layout-flow\">\n<figure class=\"wp-block-image size-full menu_item_132\"><a href=\" https:\/\/pontoni.lv\/index.php\/product\/hdg-7-peldvietas-kapnes\/\"><img loading=\"lazy\" decoding=\"async\" width=\"391\" height=\"769\" src=\"https:\/\/pontoni.lv\/wp-content\/uploads\/2024\/12\/Ladder-7step.jpg\" alt=\"\" class=\"wp-image-289\" srcset=\"https:\/\/pontoni.lv\/wp-content\/uploads\/2024\/12\/Ladder-7step.jpg 391w, https:\/\/pontoni.lv\/wp-content\/uploads\/2024\/12\/Ladder-7step-153x300.jpg 153w\" sizes=\"(max-width: 391px) 100vw, 391px\" \/><\/a><figcaption class=\"wp-element-caption\">7 pak\u0101pienu <br>Fiks\u0113tas vai pace\u013camas<br>423,50 EUR (ar PVN)<br><\/figcaption><\/figure>\n<\/div>\n\n\n\n<div class=\"wp-block-column is-layout-flow wp-block-column-is-layout-flow\">\n<figure class=\"wp-block-image size-full menu_item_132\"><img loading=\"lazy\" decoding=\"async\" width=\"197\" height=\"454\" src=\"https:\/\/pontoni.lv\/wp-content\/uploads\/2024\/12\/Ladder-AL-removebg-preview.png\" alt=\"\" class=\"wp-image-450\" srcset=\"https:\/\/pontoni.lv\/wp-content\/uploads\/2024\/12\/Ladder-AL-removebg-preview.png 197w, https:\/\/pontoni.lv\/wp-content\/uploads\/2024\/12\/Ladder-AL-removebg-preview-130x300.png 130w\" sizes=\"(max-width: 197px) 100vw, 197px\" \/><figcaption class=\"wp-element-caption\">4\/7 pak\u0101pienu<br>Alum\u012bnija profils 302,50 &#8211; 423,50 EUR (ar PVN)<br><\/figcaption><\/figure>\n<\/div>\n<\/div>\n\n\n\n<p class=\"has-text-align-right\"><\/p>\n\n\n\n<div class=\"wp-block-columns alignwide selection-row is-layout-flex wp-container-core-columns-is-layout-28f84493 wp-block-columns-is-layout-flex\">\n<div class=\"wp-block-column is-layout-flow wp-block-column-is-layout-flow\">\n<figure class=\"wp-block-image size-full\"><a href=\"https:\/\/pontoni.lv\/index.php\/product\/3m-peldvietas-laipas-komplekts\/\"><img loading=\"lazy\" decoding=\"async\" width=\"745\" height=\"559\" src=\"https:\/\/pontoni.lv\/wp-content\/uploads\/2023\/04\/swimming_komp-edited.png\" alt=\"\" class=\"wp-image-213\" srcset=\"https:\/\/pontoni.lv\/wp-content\/uploads\/2023\/04\/swimming_komp-edited.png 745w, https:\/\/pontoni.lv\/wp-content\/uploads\/2023\/04\/swimming_komp-edited-600x450.png 600w, https:\/\/pontoni.lv\/wp-content\/uploads\/2023\/04\/swimming_komp-edited-300x225.png 300w\" sizes=\"(max-width: 745px) 100vw, 745px\" \/><\/a><figcaption class=\"wp-element-caption\">Peldvietas laipas komplekts<br>1534,28 EUR (ar PVN)<br><br><a href=\"https:\/\/pontoni.lv\/index.php\/contact\/\"><\/a><br><a href=\"https:\/\/pontoni.lv\/index.php\/contact\/\" title=\"\"><\/a><\/figcaption><\/figure>\n<\/div>\n\n\n\n<div class=\"wp-block-column is-layout-flow wp-block-column-is-layout-flow\">\n<figure class=\"wp-block-image size-full\"><a href=\"https:\/\/pontoni.lv\/index.php\/product\/eco-peldvietas-laipas-komplekts\/\"><img loading=\"lazy\" decoding=\"async\" width=\"619\" height=\"464\" src=\"https:\/\/pontoni.lv\/wp-content\/uploads\/2023\/04\/eco_komp-edited.png\" alt=\"\" class=\"wp-image-215\" srcset=\"https:\/\/pontoni.lv\/wp-content\/uploads\/2023\/04\/eco_komp-edited.png 619w, https:\/\/pontoni.lv\/wp-content\/uploads\/2023\/04\/eco_komp-edited-600x450.png 600w, https:\/\/pontoni.lv\/wp-content\/uploads\/2023\/04\/eco_komp-edited-300x225.png 300w\" sizes=\"(max-width: 619px) 100vw, 619px\" \/><\/a><figcaption class=\"wp-element-caption\">ECO Laipas komplekts 2x 3m <br>2649,00 EUR (ar PVN)<br><br><a href=\"https:\/\/pontoni.lv\/index.php\/contact\/\" title=\"\"><\/a><\/figcaption><\/figure>\n<\/div>\n\n\n\n<div class=\"wp-block-column is-vertically-aligned-center is-layout-flow wp-block-column-is-layout-flow\"><\/div>\n<\/div>\n\n\n\n<p class=\"has-text-align-right\"><\/p>\n\n\n\n<div class=\"wp-block-columns alignwide is-layout-flex wp-container-core-columns-is-layout-28f84493 wp-block-columns-is-layout-flex\">\n<div class=\"wp-block-column is-layout-flow wp-block-column-is-layout-flow\">\n<figure class=\"wp-block-image size-full menu_item_132\"><a href=\"https:\/\/tmmarinas.com\/floating-pontoons\/swimming-pontoons\/\" target=\"_blank\" rel=\"noreferrer noopener\"><img loading=\"lazy\" decoding=\"async\" width=\"666\" height=\"500\" src=\"https:\/\/pontoni.lv\/wp-content\/uploads\/2022\/07\/ujumiskai_4_ujukiga-897x500-2-edited.webp\" alt=\"\" class=\"wp-image-61\" srcset=\"https:\/\/pontoni.lv\/wp-content\/uploads\/2022\/07\/ujumiskai_4_ujukiga-897x500-2-edited.webp 666w, https:\/\/pontoni.lv\/wp-content\/uploads\/2022\/07\/ujumiskai_4_ujukiga-897x500-2-edited-600x450.webp 600w, https:\/\/pontoni.lv\/wp-content\/uploads\/2022\/07\/ujumiskai_4_ujukiga-897x500-2-edited-300x225.webp 300w\" sizes=\"(max-width: 666px) 100vw, 666px\" \/><\/a><figcaption class=\"wp-element-caption\"><strong>Koka laipas ar plastmasas pontoniem<\/strong><\/figcaption><\/figure>\n<\/div>\n\n\n\n<div class=\"wp-block-column is-layout-flow wp-block-column-is-layout-flow\">\n<figure class=\"wp-block-image size-full is-resized menu_item_132\"><a href=\"https:\/\/tmmarinas.com\/floating-pontoons\/timber-pontoons-with-concrete-floats-2\/\" target=\"_blank\" rel=\"noreferrer noopener\"><img decoding=\"async\" src=\"https:\/\/pontoni.lv\/wp-content\/uploads\/2022\/07\/Sadamakai-897x500-1-edited.webp\" alt=\"\" class=\"wp-image-60\" style=\"width:372px;height:279px\"\/><\/a><figcaption class=\"wp-element-caption\"><strong>Koka laipas ar betona pontoniem<\/strong><\/figcaption><\/figure>\n<\/div>\n\n\n\n<div class=\"wp-block-column is-layout-flow wp-block-column-is-layout-flow\">\n<figure class=\"wp-block-image size-full menu_item_132\"><a href=\"https:\/\/tmmarinas.com\/floating-pontoons\/heavy-duty-pontoons\/\" target=\"_blank\" rel=\"noreferrer noopener\"><img loading=\"lazy\" decoding=\"async\" width=\"666\" height=\"500\" src=\"https:\/\/pontoni.lv\/wp-content\/uploads\/2022\/07\/Monoliitkai-897x500-2-edited-1.webp\" alt=\"\" class=\"wp-image-59\" srcset=\"https:\/\/pontoni.lv\/wp-content\/uploads\/2022\/07\/Monoliitkai-897x500-2-edited-1.webp 666w, https:\/\/pontoni.lv\/wp-content\/uploads\/2022\/07\/Monoliitkai-897x500-2-edited-1-600x450.webp 600w, https:\/\/pontoni.lv\/wp-content\/uploads\/2022\/07\/Monoliitkai-897x500-2-edited-1-300x225.webp 300w\" sizes=\"(max-width: 666px) 100vw, 666px\" \/><\/a><figcaption class=\"wp-element-caption\"><strong>Betona pontoni <\/strong><\/figcaption><\/figure>\n<\/div>\n<\/div>\n\n\n\n<div class=\"wp-block-columns alignwide is-layout-flex wp-container-core-columns-is-layout-28f84493 wp-block-columns-is-layout-flex\">\n<div class=\"wp-block-column is-layout-flow wp-block-column-is-layout-flow\">\n<figure class=\"wp-block-image size-full menu_item_132\"><a href=\"https:\/\/tmmarinas.com\/accessories\/mooring-fingers\/\" target=\"_blank\" rel=\"noreferrer noopener\"><img loading=\"lazy\" decoding=\"async\" width=\"666\" height=\"500\" src=\"https:\/\/pontoni.lv\/wp-content\/uploads\/2022\/07\/Kaimispoomi-tootepilt-897x500-1-edited.webp\" alt=\"\" class=\"wp-image-71\" srcset=\"https:\/\/pontoni.lv\/wp-content\/uploads\/2022\/07\/Kaimispoomi-tootepilt-897x500-1-edited.webp 666w, https:\/\/pontoni.lv\/wp-content\/uploads\/2022\/07\/Kaimispoomi-tootepilt-897x500-1-edited-600x450.webp 600w, https:\/\/pontoni.lv\/wp-content\/uploads\/2022\/07\/Kaimispoomi-tootepilt-897x500-1-edited-300x225.webp 300w\" sizes=\"(max-width: 666px) 100vw, 666px\" \/><\/a><figcaption class=\"wp-element-caption\"><strong>Tauvo\u0161an\u0101s pirksti<\/strong><\/figcaption><\/figure>\n<\/div>\n\n\n\n<div class=\"wp-block-column is-layout-flow wp-block-column-is-layout-flow\">\n<figure class=\"wp-block-image size-full menu_item_132\"><a href=\"https:\/\/tmmarinas.com\/accessories\/boat-booms\/\" target=\"_blank\" rel=\"noreferrer noopener\"><img loading=\"lazy\" decoding=\"async\" width=\"666\" height=\"500\" src=\"https:\/\/pontoni.lv\/wp-content\/uploads\/2022\/07\/Torupoom-tootepilt-897x500-1-edited.webp\" alt=\"\" class=\"wp-image-73\" srcset=\"https:\/\/pontoni.lv\/wp-content\/uploads\/2022\/07\/Torupoom-tootepilt-897x500-1-edited.webp 666w, https:\/\/pontoni.lv\/wp-content\/uploads\/2022\/07\/Torupoom-tootepilt-897x500-1-edited-600x450.webp 600w, https:\/\/pontoni.lv\/wp-content\/uploads\/2022\/07\/Torupoom-tootepilt-897x500-1-edited-300x225.webp 300w\" sizes=\"(max-width: 666px) 100vw, 666px\" \/><\/a><figcaption class=\"wp-element-caption\"><strong>Tauvo\u0161an\u0101s bojas<\/strong><\/figcaption><\/figure>\n<\/div>\n\n\n\n<div class=\"wp-block-column is-layout-flow wp-block-column-is-layout-flow\">\n<figure class=\"wp-block-image size-full menu_item_132\"><a href=\"https:\/\/tmmarinas.com\/floating-pontoons\/floating-houses\/\" target=\"_blank\" rel=\"noreferrer noopener\"><img loading=\"lazy\" decoding=\"async\" width=\"666\" height=\"500\" src=\"https:\/\/pontoni.lv\/wp-content\/uploads\/2022\/07\/Ujuvmaja_koda-897x500-1-edited.webp\" alt=\"\" class=\"wp-image-75\" srcset=\"https:\/\/pontoni.lv\/wp-content\/uploads\/2022\/07\/Ujuvmaja_koda-897x500-1-edited.webp 666w, https:\/\/pontoni.lv\/wp-content\/uploads\/2022\/07\/Ujuvmaja_koda-897x500-1-edited-600x450.webp 600w, https:\/\/pontoni.lv\/wp-content\/uploads\/2022\/07\/Ujuvmaja_koda-897x500-1-edited-300x225.webp 300w\" sizes=\"(max-width: 666px) 100vw, 666px\" \/><\/a><figcaption class=\"wp-element-caption\"><strong>Peldo\u0161\u0101s m\u0101jas<\/strong><\/figcaption><\/figure>\n<\/div>\n<\/div>\n\n\n\n<div class=\"wp-block-group is-nowrap is-layout-flex wp-container-core-group-is-layout-6c531013 wp-block-group-is-layout-flex\">\n<div class=\"wp-block-columns is-layout-flex wp-container-core-columns-is-layout-28f84493 wp-block-columns-is-layout-flex\">\n<div class=\"wp-block-column is-layout-flow wp-block-column-is-layout-flow\"><\/div>\n\n\n\n<div class=\"wp-block-column is-layout-flow wp-block-column-is-layout-flow\"><\/div>\n<\/div>\n<\/div>\n\n\n\n<h2 class=\"wp-block-heading alignwide has-larger-font-size\"><strong>Laipu apr\u012bkojums &#8211; trepes, reili\u0146i, enkuri, poleri<\/strong><\/h2>\n\n\n\n<div class=\"wp-block-columns alignwide is-layout-flex wp-container-core-columns-is-layout-28f84493 wp-block-columns-is-layout-flex\">\n<div class=\"wp-block-column is-layout-flow wp-block-column-is-layout-flow\">\n<figure class=\"wp-block-image size-full menu_item_132\"><a href=\"https:\/\/tmmarinas.com\/accessories\/swimming-ladders\/\" target=\"_blank\" rel=\"noreferrer noopener\"><img decoding=\"async\" src=\"https:\/\/pontoni.lv\/wp-content\/uploads\/2022\/07\/Redel-4astmeline.-897x500-1-edited-1.webp\" alt=\"\" class=\"wp-image-130\"\/><\/a><figcaption class=\"wp-element-caption\"><strong>Piest\u0101t\u0146u un laipu apr\u012bkojums<\/strong><\/figcaption><\/figure>\n<\/div>\n\n\n\n<div class=\"wp-block-column is-vertically-aligned-center is-layout-flow wp-block-column-is-layout-flow\">\n<figure class=\"wp-block-gallery has-nested-images columns-default is-cropped wp-block-gallery-1 is-layout-flex wp-block-gallery-is-layout-flex\">\n<figure class=\"wp-block-image size-large\"><a href=\"https:\/\/tmmarinas.com\/accessories\/mooring-buoys\/\"><img decoding=\"async\" data-id=\"132\" src=\"https:\/\/pontoni.lv\/wp-content\/uploads\/2022\/07\/paadipoi-2-897x500-1.webp\" alt=\"\" class=\"wp-image-132\"\/><\/a><figcaption class=\"wp-element-caption\">Bojas<\/figcaption><\/figure>\n\n\n\n<figure class=\"wp-block-image size-large\"><a href=\"https:\/\/tmmarinas.com\/accessories\/mooring-rings\/\"><img loading=\"lazy\" decoding=\"async\" width=\"768\" height=\"576\" data-id=\"133\" src=\"https:\/\/pontoni.lv\/wp-content\/uploads\/2022\/07\/Postpollar-768x576-1.webp\" alt=\"\" class=\"wp-image-133\" srcset=\"https:\/\/pontoni.lv\/wp-content\/uploads\/2022\/07\/Postpollar-768x576-1.webp 768w, https:\/\/pontoni.lv\/wp-content\/uploads\/2022\/07\/Postpollar-768x576-1-600x450.webp 600w, https:\/\/pontoni.lv\/wp-content\/uploads\/2022\/07\/Postpollar-768x576-1-300x225.webp 300w\" sizes=\"(max-width: 768px) 100vw, 768px\" \/><\/a><figcaption class=\"wp-element-caption\">Poleri<\/figcaption><\/figure>\n<\/figure>\n<\/div>\n\n\n\n<div class=\"wp-block-column is-layout-flow wp-block-column-is-layout-flow\"><\/div>\n<\/div>\n\n\n\n<p><\/p>\n\n\n\n<h2 class=\"wp-block-heading alignwide has-larger-font-size\"><strong>Laipu komplekti<\/strong><\/h2>\n\n\n\n<figure class=\"wp-block-gallery has-nested-images columns-default is-cropped alignwide wp-block-gallery-2 is-layout-flex wp-block-gallery-is-layout-flex\">\n<figure class=\"wp-block-image size-large\"><a href=\"https:\/\/pontoni.lv\/index.php\/product\/3m-peldvietas-laipas-komplekts\/\"><img loading=\"lazy\" decoding=\"async\" width=\"668\" height=\"499\" data-id=\"78\" src=\"https:\/\/pontoni.lv\/wp-content\/uploads\/2022\/07\/Swimming-pontoon-edited.webp\" alt=\"\" class=\"wp-image-78\" srcset=\"https:\/\/pontoni.lv\/wp-content\/uploads\/2022\/07\/Swimming-pontoon-edited.webp 668w, https:\/\/pontoni.lv\/wp-content\/uploads\/2022\/07\/Swimming-pontoon-edited-600x448.webp 600w, https:\/\/pontoni.lv\/wp-content\/uploads\/2022\/07\/Swimming-pontoon-edited-300x224.webp 300w\" sizes=\"(max-width: 668px) 100vw, 668px\" \/><\/a><\/figure>\n\n\n\n<figure class=\"wp-block-image size-large\"><a href=\" https:\/\/pontoni.lv\/index.php\/product\/eco-peldvietas-laipas-komplekts\/\"><img loading=\"lazy\" decoding=\"async\" width=\"896\" height=\"501\" data-id=\"76\" src=\"https:\/\/pontoni.lv\/wp-content\/uploads\/2022\/07\/Swimming-pontoon-with-seats.webp\" alt=\"\" class=\"wp-image-76\" srcset=\"https:\/\/pontoni.lv\/wp-content\/uploads\/2022\/07\/Swimming-pontoon-with-seats.webp 896w, https:\/\/pontoni.lv\/wp-content\/uploads\/2022\/07\/Swimming-pontoon-with-seats-600x335.webp 600w, https:\/\/pontoni.lv\/wp-content\/uploads\/2022\/07\/Swimming-pontoon-with-seats-300x168.webp 300w, https:\/\/pontoni.lv\/wp-content\/uploads\/2022\/07\/Swimming-pontoon-with-seats-768x429.webp 768w\" sizes=\"(max-width: 896px) 100vw, 896px\" \/><\/a><\/figure>\n<figcaption class=\"blocks-gallery-caption wp-element-caption\">Pieejami komplekti laip\u0101m ar trep\u012bt\u0113m priek\u0161 peld\u0113\u0161anas<\/figcaption><\/figure>\n\n\n\n<div class=\"wp-block-group is-layout-flow wp-block-group-is-layout-flow\">\n<div class=\"wp-block-buttons is-layout-flex wp-block-buttons-is-layout-flex\">\n<div class=\"wp-block-button\"><a class=\"wp-block-button__link wp-element-button\" href=\"https:\/\/pontoni.lv\/index.php\/contact\/\">Pas\u016bt\u012bt<\/a><\/div>\n<\/div>\n<\/div>\n\n\n\n<p><\/p>\n","protected":false},"excerpt":{"rendered":"<p>Pontoni, laipas un piest\u0101t\u0146u aksesu\u0101ri Laipu apr\u012bkojums &#8211; trepes, reili\u0146i, enkuri, poleri Laipu komplekti<\/p>\n","protected":false},"author":1,"featured_media":0,"parent":0,"menu_order":0,"comment_status":"closed","ping_status":"closed","template":"","meta":{"site-sidebar-layout":"default","site-content-layout":"","ast-site-content-layout":"default","site-content-style":"default","site-sidebar-style":"default","ast-global-header-display":"","ast-banner-title-visibility":"","ast-main-header-display":"","ast-hfb-above-header-display":"","ast-hfb-below-header-display":"","ast-hfb-mobile-header-display":"","site-post-title":"","ast-breadcrumbs-content":"","ast-featured-img":"","footer-sml-layout":"","ast-disable-related-posts":"","theme-transparent-header-meta":"","adv-header-id-meta":"","stick-header-meta":"","header-above-stick-meta":"","header-main-stick-meta":"","header-below-stick-meta":"","astra-migrate-meta-layouts":"default","ast-page-background-enabled":"default","ast-page-background-meta":{"desktop":{"background-color":"var(--ast-global-color-4)","background-image":"","background-repeat":"repeat","background-position":"center center","background-size":"auto","background-attachment":"scroll","background-type":"","background-media":"","overlay-type":"","overlay-color":"","overlay-opacity":"","overlay-gradient":""},"tablet":{"background-color":"","background-image":"","background-repeat":"repeat","background-position":"center center","background-size":"auto","background-attachment":"scroll","background-type":"","background-media":"","overlay-type":"","overlay-color":"","overlay-opacity":"","overlay-gradient":""},"mobile":{"background-color":"","background-image":"","background-repeat":"repeat","background-position":"center center","background-size":"auto","background-attachment":"scroll","background-type":"","background-media":"","overlay-type":"","overlay-color":"","overlay-opacity":"","overlay-gradient":""}},"ast-content-background-meta":{"desktop":{"background-color":"var(--ast-global-color-5)","background-image":"","background-repeat":"repeat","background-position":"center center","background-size":"auto","background-attachment":"scroll","background-type":"","background-media":"","overlay-type":"","overlay-color":"","overlay-opacity":"","overlay-gradient":""},"tablet":{"background-color":"var(--ast-global-color-5)","background-image":"","background-repeat":"repeat","background-position":"center center","background-size":"auto","background-attachment":"scroll","background-type":"","background-media":"","overlay-type":"","overlay-color":"","overlay-opacity":"","overlay-gradient":""},"mobile":{"background-color":"var(--ast-global-color-5)","background-image":"","background-repeat":"repeat","background-position":"center center","background-size":"auto","background-attachment":"scroll","background-type":"","background-media":"","overlay-type":"","overlay-color":"","overlay-opacity":"","overlay-gradient":""}},"footnotes":""},"class_list":["post-9","page","type-page","status-publish","hentry"],"_links":{"self":[{"href":"https:\/\/pontoni.lv\/index.php\/wp-json\/wp\/v2\/pages\/9","targetHints":{"allow":["GET"]}}],"collection":[{"href":"https:\/\/pontoni.lv\/index.php\/wp-json\/wp\/v2\/pages"}],"about":[{"href":"https:\/\/pontoni.lv\/index.php\/wp-json\/wp\/v2\/types\/page"}],"author":[{"embeddable":true,"href":"https:\/\/pontoni.lv\/index.php\/wp-json\/wp\/v2\/users\/1"}],"replies":[{"embeddable":true,"href":"https:\/\/pontoni.lv\/index.php\/wp-json\/wp\/v2\/comments?post=9"}],"version-history":[{"count":86,"href":"https:\/\/pontoni.lv\/index.php\/wp-json\/wp\/v2\/pages\/9\/revisions"}],"predecessor-version":[{"id":451,"href":"https:\/\/pontoni.lv\/index.php\/wp-json\/wp\/v2\/pages\/9\/revisions\/451"}],"wp:attachment":[{"href":"https:\/\/pontoni.lv\/index.php\/wp-json\/wp\/v2\/media?parent=9"}],"curies":[{"name":"wp","href":"https:\/\/api.w.org\/{rel}","templated":true}]}}