{"id":702,"date":"2025-08-26T14:38:34","date_gmt":"2025-08-26T14:38:34","guid":{"rendered":"https:\/\/pontoni.lv\/?page_id=702"},"modified":"2025-08-28T15:48:24","modified_gmt":"2025-08-28T15:48:24","slug":"labiekartosanas-darbi","status":"publish","type":"page","link":"https:\/\/pontoni.lv\/index.php\/labiekartosanas-darbi\/","title":{"rendered":"Labiek\u0101rto\u0161anas darbi"},"content":{"rendered":"\t\t<div data-elementor-type=\"wp-page\" data-elementor-id=\"702\" class=\"elementor elementor-702\">\n\t\t\t\t<div class=\"elementor-element elementor-element-3820962 e-flex e-con-boxed e-con e-parent\" data-id=\"3820962\" data-element_type=\"container\" data-e-type=\"container\">\n\t\t\t\t\t<div class=\"e-con-inner\">\n\t\t\t\t<div class=\"elementor-element elementor-element-70e561e elementor-widget elementor-widget-heading\" data-id=\"70e561e\" data-element_type=\"widget\" data-e-type=\"widget\" data-widget_type=\"heading.default\">\n\t\t\t\t\t<h2 class=\"elementor-heading-title elementor-size-default\">Labiek\u0101rto\u0161anas darbi<\/h2>\t\t\t\t<\/div>\n\t\t\t\t\t<\/div>\n\t\t\t\t<\/div>\n\t\t<div class=\"elementor-element elementor-element-bd3251c e-con-full e-flex e-con e-child\" data-id=\"bd3251c\" data-element_type=\"container\" data-e-type=\"container\">\n\t\t\t\t<div class=\"elementor-element elementor-element-28c146f elementor-widget elementor-widget-heading\" data-id=\"28c146f\" data-element_type=\"widget\" data-e-type=\"widget\" data-widget_type=\"heading.default\">\n\t\t\t\t\t<h3 class=\"elementor-heading-title elementor-size-default\">Apauguma likvid\u0113\u0161ana<\/h3>\t\t\t\t<\/div>\n\t\t\t\t<div class=\"elementor-element elementor-element-39dccd5 elementor-widget__width-initial elementor-widget elementor-widget-text-editor\" data-id=\"39dccd5\" data-element_type=\"widget\" data-e-type=\"widget\" data-widget_type=\"text-editor.default\">\n\t\t\t\t\t\t\t\t\t<p>P\u013caujam z\u0101li, niedres un kr\u016bmus viegli pieejam\u0101s viet\u0101s, k\u0101 ar\u012b ar piel\u0101gotu tehniku gr\u016bti pieejam\u0101s viet\u0101s un purvain\u0101 apvid\u016b. Pied\u0101v\u0101jam ar\u012b nop\u013caut\u0101 materi\u0101la izv\u0101k\u0161anu no objekta. Sniedzam konsult\u0101cijas par lab\u0101kajiem risin\u0101jumiem c\u012b\u0146\u0101 ar nev\u0113lamu apaugumu.\u00a0\u00a0Pied\u0101v\u0101jam nov\u0101kt nop\u013cauto biomasu.<\/p>\t\t\t\t\t\t\t\t<\/div>\n\t\t\t\t<div class=\"elementor-element elementor-element-8aee0b3 elementor-widget elementor-widget-image\" data-id=\"8aee0b3\" data-element_type=\"widget\" data-e-type=\"widget\" data-widget_type=\"image.default\">\n\t\t\t\t\t\t\t\t\t\t\t\t\t\t\t<img decoding=\"async\" width=\"150\" height=\"150\" src=\"https:\/\/pontoni.lv\/wp-content\/uploads\/2025\/08\/apaugums.jpg\" class=\"attachment-full size-full wp-image-716\" alt=\"\" srcset=\"https:\/\/pontoni.lv\/wp-content\/uploads\/2025\/08\/apaugums.jpg 150w, https:\/\/pontoni.lv\/wp-content\/uploads\/2025\/08\/apaugums-12x12.jpg 12w, https:\/\/pontoni.lv\/wp-content\/uploads\/2025\/08\/apaugums-100x100.jpg 100w\" sizes=\"(max-width: 150px) 100vw, 150px\" \/>\t\t\t\t\t\t\t\t\t\t\t\t\t\t\t<\/div>\n\t\t<div class=\"elementor-element elementor-element-bb31483 e-con-full e-flex e-con e-child\" data-id=\"bb31483\" data-element_type=\"container\" data-e-type=\"container\">\n\t\t\t\t<div class=\"elementor-element elementor-element-ecb139c elementor-widget elementor-widget-heading\" data-id=\"ecb139c\" data-element_type=\"widget\" data-e-type=\"widget\" data-widget_type=\"heading.default\">\n\t\t\t\t\t<h3 class=\"elementor-heading-title elementor-size-default\">\u016adensaugu p\u013cau\u0161ana  <\/h3>\t\t\t\t<\/div>\n\t\t\t\t<div class=\"elementor-element elementor-element-5ce1241 elementor-widget__width-initial elementor-widget elementor-widget-text-editor\" data-id=\"5ce1241\" data-element_type=\"widget\" data-e-type=\"widget\" data-widget_type=\"text-editor.default\">\n\t\t\t\t\t\t\t\t\t<p style=\"text-align: left;\">M\u0113s pied\u0101v\u0101jam \u016bdenstilpju att\u012br\u012b\u0161anu no niedr\u0113m un \u016bdensaugiem.P\u013cau\u0161anu varam veikt l\u012bdz pat 1,50 m dzi\u013cum\u0101. Nop\u013cauto materi\u0101lu nog\u0101d\u0101sim krast\u0101.<\/p>\t\t\t\t\t\t\t\t<\/div>\n\t\t\t\t<div class=\"elementor-element elementor-element-4900adf elementor-widget elementor-widget-image\" data-id=\"4900adf\" data-element_type=\"widget\" data-e-type=\"widget\" data-widget_type=\"image.default\">\n\t\t\t\t\t\t\t\t\t\t\t\t\t\t\t<img decoding=\"async\" width=\"150\" height=\"150\" src=\"https:\/\/pontoni.lv\/wp-content\/uploads\/2025\/08\/niedres.jpg\" class=\"attachment-full size-full wp-image-715\" alt=\"\u016adensaugu p\u013cau\u0161ana\" srcset=\"https:\/\/pontoni.lv\/wp-content\/uploads\/2025\/08\/niedres.jpg 150w, https:\/\/pontoni.lv\/wp-content\/uploads\/2025\/08\/niedres-12x12.jpg 12w, https:\/\/pontoni.lv\/wp-content\/uploads\/2025\/08\/niedres-100x100.jpg 100w\" sizes=\"(max-width: 150px) 100vw, 150px\" \/>\t\t\t\t\t\t\t\t\t\t\t\t\t\t\t<\/div>\n\t\t\t\t<\/div>\n\t\t\t\t<\/div>\n\t\t<div class=\"elementor-element elementor-element-15b1230 e-con-full e-flex e-con e-child\" data-id=\"15b1230\" data-element_type=\"container\" data-e-type=\"container\">\n\t\t\t\t<div class=\"elementor-element elementor-element-f48b38b elementor-widget elementor-widget-heading\" data-id=\"f48b38b\" data-element_type=\"widget\" data-e-type=\"widget\" data-widget_type=\"heading.default\">\n\t\t\t\t\t<h3 class=\"elementor-heading-title elementor-size-default\">Grunts padzi\u013cin\u0101\u0161ana un d\u016b\u0146u s\u016bkn\u0113\u0161ana<\/h3>\t\t\t\t<\/div>\n\t\t\t\t<div class=\"elementor-element elementor-element-f9d53c3 elementor-widget__width-initial elementor-widget elementor-widget-text-editor\" data-id=\"f9d53c3\" data-element_type=\"widget\" data-e-type=\"widget\" data-widget_type=\"text-editor.default\">\n\t\t\t\t\t\t\t\t\t<div class=\"wpb_text_column wpb_content_element \"><div class=\"wpb_wrapper\"><p>Pied\u0101v\u0101jam \u016bdenstilpju grunts padzi\u013cin\u0101\u0161anu un d\u016b\u0146u s\u016bkn\u0113\u0161anu ar zemes s\u016bc\u0113ju. Zemes s\u016bc\u0113js ar grunts fr\u0113zi irdina grunts virsk\u0101rtu ar taj\u0101 eso\u0161\u0101m d\u016b\u0146\u0101m, augiem un vienlaic\u012bgi izs\u016bkn\u0113 tos no \u016bdenstilpes. Tiek samazin\u0101ts organisko vielu daudzums un uzlabots \u016bdens sast\u0101vs. Att\u012brot ezeru, upi vai d\u012b\u0137i no d\u016b\u0146\u0101m, samazin\u0101s eitrofik\u0101cijas riski.<\/p><\/div><\/div>\t\t\t\t\t\t\t\t<\/div>\n\t\t\t\t<div class=\"elementor-element elementor-element-daf1eba elementor-widget elementor-widget-image\" data-id=\"daf1eba\" data-element_type=\"widget\" data-e-type=\"widget\" data-widget_type=\"image.default\">\n\t\t\t\t\t\t\t\t\t\t\t\t\t\t\t<img decoding=\"async\" width=\"150\" height=\"150\" src=\"https:\/\/pontoni.lv\/wp-content\/uploads\/2025\/08\/grunts.jpg\" class=\"attachment-full size-full wp-image-717\" alt=\"Grunts padzi\u013cin\u0101\u0161ana\" srcset=\"https:\/\/pontoni.lv\/wp-content\/uploads\/2025\/08\/grunts.jpg 150w, https:\/\/pontoni.lv\/wp-content\/uploads\/2025\/08\/grunts-12x12.jpg 12w, https:\/\/pontoni.lv\/wp-content\/uploads\/2025\/08\/grunts-100x100.jpg 100w\" sizes=\"(max-width: 150px) 100vw, 150px\" \/>\t\t\t\t\t\t\t\t\t\t\t\t\t\t\t<\/div>\n\t\t\t\t<\/div>\n\t\t<div class=\"elementor-element elementor-element-2742411 e-con-full e-flex e-con e-child\" data-id=\"2742411\" data-element_type=\"container\" data-e-type=\"container\">\n\t\t\t\t<div class=\"elementor-element elementor-element-a9a405a elementor-widget elementor-widget-heading\" data-id=\"a9a405a\" data-element_type=\"widget\" data-e-type=\"widget\" data-widget_type=\"heading.default\">\n\t\t\t\t\t<h3 class=\"elementor-heading-title elementor-size-default\">Krasta stiprin\u0101\u0161ana ar PVC rievsienu<\/h3>\t\t\t\t<\/div>\n\t\t\t\t<div class=\"elementor-element elementor-element-fdef50e elementor-widget__width-initial elementor-widget elementor-widget-text-editor\" data-id=\"fdef50e\" data-element_type=\"widget\" data-e-type=\"widget\" data-widget_type=\"text-editor.default\">\n\t\t\t\t\t\t\t\t\t<p style=\"text-align: left;\">PVC rievsiena uzst\u0101d\u0101ma bez smag\u0101s tehnikas, kas \u013cauj to uzst\u0101d\u012bt viet\u0101s, kur nav iesp\u0113jams piek\u013c\u016bt ar traktoru vai ekskavatoru. PVC rievsienai piem\u012bt liela meh\u0101nisk\u0101 iztur\u012bba, k\u0101 rezult\u0101t\u0101 tiek nostiprin\u0101ts krasts un tas tiek pasarg\u0101ts no izskalo\u0161anas. T\u0101 pak\u0101peniski k\u013c\u016bst par apk\u0101rt\u0113j\u0101s vides elementu, arvien nostiprinoties un iek\u013caujoties apk\u0101rt\u0113j\u0101 ainav\u0101. Iesp\u0113jams izb\u016bv\u0113t visda\u017e\u0101d\u0101k\u0101s konfigur\u0101cijas sienas.<\/p>\t\t\t\t\t\t\t\t<\/div>\n\t\t\t\t<div class=\"elementor-element elementor-element-afa5ba7 elementor-widget elementor-widget-image\" data-id=\"afa5ba7\" data-element_type=\"widget\" data-e-type=\"widget\" data-widget_type=\"image.default\">\n\t\t\t\t\t\t\t\t\t\t\t\t\t\t\t<img loading=\"lazy\" decoding=\"async\" width=\"150\" height=\"150\" src=\"https:\/\/pontoni.lv\/wp-content\/uploads\/2025\/08\/pvc.jpg\" class=\"attachment-full size-full wp-image-718\" alt=\"PVC rievsiena\" srcset=\"https:\/\/pontoni.lv\/wp-content\/uploads\/2025\/08\/pvc.jpg 150w, https:\/\/pontoni.lv\/wp-content\/uploads\/2025\/08\/pvc-12x12.jpg 12w, https:\/\/pontoni.lv\/wp-content\/uploads\/2025\/08\/pvc-100x100.jpg 100w\" sizes=\"(max-width: 150px) 100vw, 150px\" \/>\t\t\t\t\t\t\t\t\t\t\t\t\t\t\t<\/div>\n\t\t\t\t<\/div>\n\t\t<div class=\"elementor-element elementor-element-bb05dd7 e-con-full e-flex e-con e-child\" data-id=\"bb05dd7\" data-element_type=\"container\" data-e-type=\"container\">\n\t\t\t\t<div class=\"elementor-element elementor-element-7d50a4c elementor-widget elementor-widget-heading\" data-id=\"7d50a4c\" data-element_type=\"widget\" data-e-type=\"widget\" data-widget_type=\"heading.default\">\n\t\t\t\t\t<h3 class=\"elementor-heading-title elementor-size-default\">B\u016bvbedres un nog\u0101zes stiprin\u0101\u0161ana ar met\u0101la rievsienu<\/h3>\t\t\t\t<\/div>\n\t\t\t\t<div class=\"elementor-element elementor-element-d18b3e2 elementor-widget__width-initial elementor-widget elementor-widget-text-editor\" data-id=\"d18b3e2\" data-element_type=\"widget\" data-e-type=\"widget\" data-widget_type=\"text-editor.default\">\n\t\t\t\t\t\t\t\t\t<p style=\"text-align: left;\">Met\u0101la\u00a0 atbalsta rievsiena ir paredz\u0113t\u0101 k\u0101 ilgtermi\u0146a t\u0101 \u012bstermi\u0146a b\u016bvbedres, krastu un nog\u0101\u017eu stiprin\u0101\u0161anai. Veicam nog\u0101\u017eu nostiprin\u0101\u0161anu ar Larssen tipa met\u0101la atbalsta rievsienu pane\u013ciem un Berl\u012bnes tipa pane\u013ciem, kurus varam iz\u012br\u0113t uz darbu veik\u0161anas periodu, kas \u013cauj samazin\u0101t b\u016bvniec\u012bbas izmaksas. Veicam da\u017e\u0101dus nestandarta darbus gan \u016bden\u012b, gan uz zemes, demont\u0113jam koka, met\u0101la p\u0101\u013cus, atbr\u012bvojam \u016bdenstilpes no sakritu\u0161iem kokiem ar zem\u016bdens z\u0101\u0123i.<\/p>\t\t\t\t\t\t\t\t<\/div>\n\t\t\t\t<div class=\"elementor-element elementor-element-fb28fea elementor-widget elementor-widget-image\" data-id=\"fb28fea\" data-element_type=\"widget\" data-e-type=\"widget\" data-widget_type=\"image.default\">\n\t\t\t\t\t\t\t\t\t\t\t\t\t\t\t<img loading=\"lazy\" decoding=\"async\" width=\"150\" height=\"150\" src=\"https:\/\/pontoni.lv\/wp-content\/uploads\/2025\/08\/buvbedres.jpg\" class=\"attachment-full size-full wp-image-719\" alt=\"B\u016bvbedres un nog\u0101zes stiprin\u0101\u0161ana ar met\u0101la rievsienu\" srcset=\"https:\/\/pontoni.lv\/wp-content\/uploads\/2025\/08\/buvbedres.jpg 150w, https:\/\/pontoni.lv\/wp-content\/uploads\/2025\/08\/buvbedres-12x12.jpg 12w, https:\/\/pontoni.lv\/wp-content\/uploads\/2025\/08\/buvbedres-100x100.jpg 100w\" sizes=\"(max-width: 150px) 100vw, 150px\" \/>\t\t\t\t\t\t\t\t\t\t\t\t\t\t\t<\/div>\n\t\t\t\t<\/div>\n\t\t\t\t<\/div>\n\t\t","protected":false},"excerpt":{"rendered":"<p>Labiek\u0101rto\u0161anas darbi Apauguma likvid\u0113\u0161ana P\u013caujam z\u0101li, niedres un kr\u016bmus viegli pieejam\u0101s viet\u0101s, k\u0101 ar\u012b ar piel\u0101gotu tehniku gr\u016bti pieejam\u0101s viet\u0101s [&hellip;]<\/p>\n","protected":false},"author":1,"featured_media":0,"parent":0,"menu_order":0,"comment_status":"closed","ping_status":"closed","template":"","meta":{"site-sidebar-layout":"no-sidebar","site-content-layout":"","ast-site-content-layout":"full-width-container","site-content-style":"default","site-sidebar-style":"default","ast-global-header-display":"","ast-banner-title-visibility":"","ast-main-header-display":"","ast-hfb-above-header-display":"","ast-hfb-below-header-display":"","ast-hfb-mobile-header-display":"","site-post-title":"disabled","ast-breadcrumbs-content":"","ast-featured-img":"disabled","footer-sml-layout":"","ast-disable-related-posts":"","theme-transparent-header-meta":"","adv-header-id-meta":"","stick-header-meta":"","header-above-stick-meta":"","header-main-stick-meta":"","header-below-stick-meta":"","astra-migrate-meta-layouts":"default","ast-page-background-enabled":"default","ast-page-background-meta":{"desktop":{"background-color":"var(--ast-global-color-4)","background-image":"","background-repeat":"repeat","background-position":"center center","background-size":"auto","background-attachment":"scroll","background-type":"","background-media":"","overlay-type":"","overlay-color":"","overlay-opacity":"","overlay-gradient":""},"tablet":{"background-color":"","background-image":"","background-repeat":"repeat","background-position":"center center","background-size":"auto","background-attachment":"scroll","background-type":"","background-media":"","overlay-type":"","overlay-color":"","overlay-opacity":"","overlay-gradient":""},"mobile":{"background-color":"","background-image":"","background-repeat":"repeat","background-position":"center center","background-size":"auto","background-attachment":"scroll","background-type":"","background-media":"","overlay-type":"","overlay-color":"","overlay-opacity":"","overlay-gradient":""}},"ast-content-background-meta":{"desktop":{"background-color":"var(--ast-global-color-5)","background-image":"","background-repeat":"repeat","background-position":"center center","background-size":"auto","background-attachment":"scroll","background-type":"","background-media":"","overlay-type":"","overlay-color":"","overlay-opacity":"","overlay-gradient":""},"tablet":{"background-color":"var(--ast-global-color-5)","background-image":"","background-repeat":"repeat","background-position":"center center","background-size":"auto","background-attachment":"scroll","background-type":"","background-media":"","overlay-type":"","overlay-color":"","overlay-opacity":"","overlay-gradient":""},"mobile":{"background-color":"var(--ast-global-color-5)","background-image":"","background-repeat":"repeat","background-position":"center center","background-size":"auto","background-attachment":"scroll","background-type":"","background-media":"","overlay-type":"","overlay-color":"","overlay-opacity":"","overlay-gradient":""}},"footnotes":""},"class_list":["post-702","page","type-page","status-publish","hentry"],"_links":{"self":[{"href":"https:\/\/pontoni.lv\/index.php\/wp-json\/wp\/v2\/pages\/702","targetHints":{"allow":["GET"]}}],"collection":[{"href":"https:\/\/pontoni.lv\/index.php\/wp-json\/wp\/v2\/pages"}],"about":[{"href":"https:\/\/pontoni.lv\/index.php\/wp-json\/wp\/v2\/types\/page"}],"author":[{"embeddable":true,"href":"https:\/\/pontoni.lv\/index.php\/wp-json\/wp\/v2\/users\/1"}],"replies":[{"embeddable":true,"href":"https:\/\/pontoni.lv\/index.php\/wp-json\/wp\/v2\/comments?post=702"}],"version-history":[{"count":10,"href":"https:\/\/pontoni.lv\/index.php\/wp-json\/wp\/v2\/pages\/702\/revisions"}],"predecessor-version":[{"id":728,"href":"https:\/\/pontoni.lv\/index.php\/wp-json\/wp\/v2\/pages\/702\/revisions\/728"}],"wp:attachment":[{"href":"https:\/\/pontoni.lv\/index.php\/wp-json\/wp\/v2\/media?parent=702"}],"curies":[{"name":"wp","href":"https:\/\/api.w.org\/{rel}","templated":true}]}}