{"id":532,"date":"2024-12-19T09:19:24","date_gmt":"2024-12-19T09:19:24","guid":{"rendered":"https:\/\/pontoni.lv\/?page_id=532"},"modified":"2024-12-19T09:19:24","modified_gmt":"2024-12-19T09:19:24","slug":"sikdatnes","status":"publish","type":"page","link":"https:\/\/pontoni.lv\/index.php\/sikdatnes\/","title":{"rendered":"S\u012bkdatnes"},"content":{"rendered":"\n<style>\n    a.cky-banner-element {\n        padding: 8px 30px;\n        background: #F8F9FA;\n        color: #858A8F;\n        border: 1px solid #DEE2E6;\n        box-sizing: border-box;\n        border-radius: 2px;\n        cursor: pointer;\n    }\n<\/style>\n\n<h1 class=\"cookie-policy-h1\">S\u012bkdat\u0146u politika<\/h1>\n<p>\n    Sp\u0113k\u0101 st\u0101\u0161an\u0101s datums: 2024. gada 19. decembris <br>\n    P\u0113d\u0113j\u0101 atjaunin\u0101\u0161ana: 2024. gada 19. decembris\n<\/p>\n\n&nbsp;\n<h5>Kas ir s\u012bkdatnes?<\/h5>\n<div class=\"cookie-policy-p\">\n    <p>\u0160\u012b s\u012bkdat\u0146u politika skaidro, kas ir s\u012bkdatnes un k\u0101 m\u0113s t\u0101s izmantojam, k\u0101das s\u012bkdatnes m\u0113s izmantojam, t.i., inform\u0101cija, ko m\u0113s ieg\u016bstam, izmantojot s\u012bkdatnes, un k\u0101 \u0161\u012b inform\u0101cija tiek izmantota, k\u0101 ar\u012b k\u0101 p\u0101rvald\u012bt s\u012bkdat\u0146u iestat\u012bjumus.<\/p>\n    <p>S\u012bkdatnes ir mazi teksta faili, kas tiek izmantoti, lai saglab\u0101tu nelielu inform\u0101ciju. Tie tiek saglab\u0101ti j\u016bsu ier\u012bc\u0113, kad t\u012bmek\u013ca vietne tiek iel\u0101d\u0113ta j\u016bsu p\u0101rl\u016bkprogramm\u0101. \u0160\u012bs s\u012bkdatnes pal\u012bdz mums nodro\u0161in\u0101t vietnes pareizu darb\u012bbu, padar\u012bt to dro\u0161\u0101ku, uzlabot lietot\u0101ju pieredzi un saprast, k\u0101 vietne darbojas, k\u0101 ar\u012b analiz\u0113t, kas darbojas un kur ir nepiecie\u0161ami uzlabojumi.<\/p>\n<\/div>\n\n&nbsp;\n<h5>K\u0101 m\u0113s izmantojam s\u012bkdatnes?<\/h5>\n<div class=\"cookie-policy-p\">\n    <p>K\u0101 liel\u0101k\u0101 da\u013ca tie\u0161saistes pakalpojumu, m\u016bsu vietne izmanto pirmo un tre\u0161o pu\u0161u s\u012bkdatnes da\u017e\u0101diem m\u0113r\u0137iem. Pirm\u0101s puses s\u012bkdatnes parasti ir nepiecie\u0161amas, lai vietne darbotos pareizi, un t\u0101s nesav\u0101c j\u016bsu personas datus.<\/p>\n    <p>Tre\u0161o pu\u0161u s\u012bkdatnes, kas tiek izmantotas m\u016bsu vietn\u0113, galvenok\u0101rt ir paredz\u0113tas, lai izprastu, k\u0101 vietne darbojas, k\u0101 j\u016bs mijiedarbojaties ar m\u016bsu vietni, saglab\u0101tu m\u016bsu pakalpojumus dro\u0161us, sniegtu rekl\u0101mas, kas ir attiec\u012bgas jums, un visp\u0101r\u012bgi uzlabotu j\u016bsu lietot\u0101ju pieredzi un pal\u012bdz\u0113tu pa\u0101trin\u0101t j\u016bsu turpm\u0101k\u0101s mijiedarb\u012bbas ar m\u016bsu vietni.<\/p>\n<\/div>\n\n&nbsp;\n<h5>Izmantojamie s\u012bkdat\u0146u veidi<\/h5>\n\n<div class=\"cky-audit-table-element\"><\/div>\n\n&nbsp;\n<h5 style=\"margin-bottom:20px;\">P\u0101rvald\u012bt s\u012bkdat\u0146u iestat\u012bjumus<\/h5>\n\n<a class=\"cky-banner-element\">S\u012bkdat\u0146u iestat\u012bjumi<\/a> <br\/>\n\n<div>\n    <p>J\u016bs varat main\u012bt savus s\u012bkdat\u0146u iestat\u012bjumus jebkur\u0101 laik\u0101, noklik\u0161\u0137inot uz iepriek\u0161 min\u0113t\u0101 pogas. Tas \u013caus jums atk\u0101rtoti apmekl\u0113t s\u012bkdat\u0146u piekri\u0161anas baneri un main\u012bt savus iestat\u012bjumus vai nekav\u0113joties atsaukt savu piekri\u0161anu.<\/p>\n    <p>Papildus tam da\u017e\u0101di p\u0101rl\u016bkprogrammas pied\u0101v\u0101 da\u017e\u0101das metodes, k\u0101 blo\u0137\u0113t un dz\u0113st s\u012bkdatnes, ko izmanto t\u012bmek\u013ca vietnes. J\u016bs varat main\u012bt p\u0101rl\u016bkprogrammas iestat\u012bjumus, lai blo\u0137\u0113tu\/dz\u0113stu s\u012bkdatnes. Zem\u0101k ir saites uz atbalsta dokumentiem par to, k\u0101 p\u0101rvald\u012bt un dz\u0113st s\u012bkdatnes no galvenaj\u0101m t\u012bmek\u013ca p\u0101rl\u016bkprogramm\u0101m.<\/p>\n    <p>Chrome: <a target=\"_blank\" href=\"https:\/\/support.google.com\/accounts\/answer\/32050\">https:\/\/support.google.com\/accounts\/answer\/32050<\/a><\/p>\n    <p>Safari: <a target=\"_blank\" href=\"https:\/\/support.apple.com\/en-in\/guide\/safari\/sfri11471\/mac\">https:\/\/support.apple.com\/en-in\/guide\/safari\/sfri11471\/mac<\/a><\/p>\n    <p>Firefox: <a target=\"_blank\" href=\"https:\/\/support.mozilla.org\/en-US\/kb\/clear-cookies-and-site-data-firefox?redirectslug=delete-cookies-remove-info-websites-stored&amp;redirectlocale=en-US\">https:\/\/support.mozilla.org\/en-US\/kb\/clear-cookies-and-site-data-firefox?redirectslug=delete-cookies-remove-info-websites-stored&amp;redirectlocale=en-US<\/a><\/p>\n    <p>Internet Explorer: <a target=\"_blank\" href=\"https:\/\/support.microsoft.com\/en-us\/topic\/how-to-delete-cookie-files-in-internet-explorer-bca9446f-d873-78de-77ba-d42645fa52fc\">https:\/\/support.microsoft.com\/en-us\/topic\/how-to-delete-cookie-files-in-internet-explorer-bca9446f-d873-78de-77ba-d42645fa52fc<\/a><\/p>\n    <p>Ja j\u016bs izmantojat citu t\u012bmek\u013ca p\u0101rl\u016bkprogrammu, l\u016bdzu, apmekl\u0113jiet t\u0101s ofici\u0101los atbalsta dokumentus.<\/p>\n<\/div>\n\n&nbsp;\n<p class=\"cookie-policy-p\">\n    S\u012bkdat\u0146u politika \u0123ener\u0113ta ar <a target=\"_blank\" href=\"https:\/\/www.cookieyes.com\/?utm_source=CP&#038;utm_medium=footer&#038;utm_campaign=UW\">CookieYes &#8211; S\u012bkdat\u0146u politikas \u0123enerators<\/a>.\n<\/p>\n\n\n\n\n<p><\/p>\n","protected":false},"excerpt":{"rendered":"<p>S\u012bkdat\u0146u politika Sp\u0113k\u0101 st\u0101\u0161an\u0101s datums: 2024. gada 19. decembris P\u0113d\u0113j\u0101 atjaunin\u0101\u0161ana: 2024. gada 19. decembris &nbsp; Kas ir s\u012bkdatnes? \u0160\u012b [&hellip;]<\/p>\n","protected":false},"author":1,"featured_media":0,"parent":0,"menu_order":0,"comment_status":"closed","ping_status":"closed","template":"","meta":{"site-sidebar-layout":"default","site-content-layout":"","ast-site-content-layout":"default","site-content-style":"default","site-sidebar-style":"default","ast-global-header-display":"","ast-banner-title-visibility":"","ast-main-header-display":"","ast-hfb-above-header-display":"","ast-hfb-below-header-display":"","ast-hfb-mobile-header-display":"","site-post-title":"","ast-breadcrumbs-content":"","ast-featured-img":"","footer-sml-layout":"","ast-disable-related-posts":"","theme-transparent-header-meta":"","adv-header-id-meta":"","stick-header-meta":"","header-above-stick-meta":"","header-main-stick-meta":"","header-below-stick-meta":"","astra-migrate-meta-layouts":"default","ast-page-background-enabled":"default","ast-page-background-meta":{"desktop":{"background-color":"var(--ast-global-color-4)","background-image":"","background-repeat":"repeat","background-position":"center center","background-size":"auto","background-attachment":"scroll","background-type":"","background-media":"","overlay-type":"","overlay-color":"","overlay-opacity":"","overlay-gradient":""},"tablet":{"background-color":"","background-image":"","background-repeat":"repeat","background-position":"center center","background-size":"auto","background-attachment":"scroll","background-type":"","background-media":"","overlay-type":"","overlay-color":"","overlay-opacity":"","overlay-gradient":""},"mobile":{"background-color":"","background-image":"","background-repeat":"repeat","background-position":"center center","background-size":"auto","background-attachment":"scroll","background-type":"","background-media":"","overlay-type":"","overlay-color":"","overlay-opacity":"","overlay-gradient":""}},"ast-content-background-meta":{"desktop":{"background-color":"var(--ast-global-color-5)","background-image":"","background-repeat":"repeat","background-position":"center center","background-size":"auto","background-attachment":"scroll","background-type":"","background-media":"","overlay-type":"","overlay-color":"","overlay-opacity":"","overlay-gradient":""},"tablet":{"background-color":"var(--ast-global-color-5)","background-image":"","background-repeat":"repeat","background-position":"center center","background-size":"auto","background-attachment":"scroll","background-type":"","background-media":"","overlay-type":"","overlay-color":"","overlay-opacity":"","overlay-gradient":""},"mobile":{"background-color":"var(--ast-global-color-5)","background-image":"","background-repeat":"repeat","background-position":"center center","background-size":"auto","background-attachment":"scroll","background-type":"","background-media":"","overlay-type":"","overlay-color":"","overlay-opacity":"","overlay-gradient":""}},"footnotes":""},"class_list":["post-532","page","type-page","status-publish","hentry"],"_links":{"self":[{"href":"https:\/\/pontoni.lv\/index.php\/wp-json\/wp\/v2\/pages\/532","targetHints":{"allow":["GET"]}}],"collection":[{"href":"https:\/\/pontoni.lv\/index.php\/wp-json\/wp\/v2\/pages"}],"about":[{"href":"https:\/\/pontoni.lv\/index.php\/wp-json\/wp\/v2\/types\/page"}],"author":[{"embeddable":true,"href":"https:\/\/pontoni.lv\/index.php\/wp-json\/wp\/v2\/users\/1"}],"replies":[{"embeddable":true,"href":"https:\/\/pontoni.lv\/index.php\/wp-json\/wp\/v2\/comments?post=532"}],"version-history":[{"count":4,"href":"https:\/\/pontoni.lv\/index.php\/wp-json\/wp\/v2\/pages\/532\/revisions"}],"predecessor-version":[{"id":538,"href":"https:\/\/pontoni.lv\/index.php\/wp-json\/wp\/v2\/pages\/532\/revisions\/538"}],"wp:attachment":[{"href":"https:\/\/pontoni.lv\/index.php\/wp-json\/wp\/v2\/media?parent=532"}],"curies":[{"name":"wp","href":"https:\/\/api.w.org\/{rel}","templated":true}]}}