{"id":11,"date":"2022-07-27T09:24:33","date_gmt":"2022-07-27T09:24:33","guid":{"rendered":"http:\/\/pontoni.lv\/?page_id=11"},"modified":"2024-12-19T09:32:32","modified_gmt":"2024-12-19T09:32:32","slug":"contact","status":"publish","type":"page","link":"https:\/\/pontoni.lv\/index.php\/contact\/","title":{"rendered":"Pas\u016bt\u012bjums"},"content":{"rendered":"\n<p><\/p>\n\n\n\n<p>Aizpildiet nepiecie\u0161amos laukus, un m\u0113s ar Jums dr\u012bzum\u0101 sazin\u0101simies, lai vienotos par pas\u016btijumu. <\/p>\n\n\n<div class=\"wpforms-container wpforms-container-full wpforms-block wpforms-block-fa6db808-f45a-4ec6-b409-c306415e81ed\" id=\"wpforms-96\"><form id=\"wpforms-form-96\" class=\"wpforms-validate wpforms-form wpforms-ajax-form\" data-formid=\"96\" method=\"post\" enctype=\"multipart\/form-data\" action=\"\/index.php\/wp-json\/wp\/v2\/pages\/11\" data-token=\"cdf1b08d6999de2b71fcf909edb10b22\" data-token-time=\"1775407943\"><noscript class=\"wpforms-error-noscript\">Please enable JavaScript in your browser to complete this form.<\/noscript><div class=\"wpforms-field-container\"><div id=\"wpforms-96-field_2-container\" class=\"wpforms-field wpforms-field-name\" data-field-id=\"2\"><label class=\"wpforms-field-label\" for=\"wpforms-96-field_2\">V\u0101rds <span class=\"wpforms-required-label\">*<\/span><\/label><input type=\"text\" id=\"wpforms-96-field_2\" class=\"wpforms-field-medium wpforms-field-required\" name=\"wpforms[fields][2]\" required><\/div><div id=\"wpforms-96-field_3-container\" class=\"wpforms-field wpforms-field-email\" data-field-id=\"3\"><label class=\"wpforms-field-label\" for=\"wpforms-96-field_3\">J\u016bsu E-pasts <span class=\"wpforms-required-label\">*<\/span><\/label><input type=\"email\" id=\"wpforms-96-field_3\" class=\"wpforms-field-medium wpforms-field-required\" name=\"wpforms[fields][3]\" spellcheck=\"false\" required><\/div><div id=\"wpforms-96-field_8-container\" class=\"wpforms-field wpforms-field-text\" data-field-id=\"8\"><label class=\"wpforms-field-label\" for=\"wpforms-96-field_8\">J\u016bsu telefona nr. sazi\u0146ai<\/label><input type=\"text\" id=\"wpforms-96-field_8\" class=\"wpforms-field-medium\" name=\"wpforms[fields][8]\" ><\/div><div id=\"wpforms-96-field_7-container\" class=\"wpforms-field wpforms-field-textarea\" data-field-id=\"7\"><label class=\"wpforms-field-label\" for=\"wpforms-96-field_7\">Interes\u0113jo\u0161\u0101 produkta apraksts <span class=\"wpforms-required-label\">*<\/span><\/label><textarea id=\"wpforms-96-field_7\" class=\"wpforms-field-medium wpforms-field-required\" name=\"wpforms[fields][7]\" required><\/textarea><div class=\"wpforms-field-description\">(piem. v\u0113los pas\u016bt\u012bt tauvo\u0161an\u0101s bojas vai man ir nepiecie\u0161ams laipas risin\u0101jums d\u012b\u0137\u012b, no kuras varu iek\u0101pt \u016bden\u012b vai tamldz.)<\/div><\/div><\/div><!-- .wpforms-field-container --><div class=\"wpforms-submit-container\" ><input type=\"hidden\" name=\"wpforms[id]\" value=\"96\"><input type=\"hidden\" name=\"page_title\" value=\"\"><input type=\"hidden\" name=\"page_url\" value=\"https:\/\/pontoni.lv\/index.php\/wp-json\/wp\/v2\/pages\/11\"><input type=\"hidden\" name=\"url_referer\" value=\"\"><button type=\"submit\" name=\"wpforms[submit]\" id=\"wpforms-submit-96\" class=\"wpforms-submit\" data-alt-text=\"S\u016bta...\" data-submit-text=\"S\u016bt\u012bt\" aria-live=\"assertive\" value=\"wpforms-submit\">S\u016bt\u012bt<\/button><img decoding=\"async\" src=\"https:\/\/pontoni.lv\/wp-content\/plugins\/wpforms-lite\/assets\/images\/submit-spin.svg\" class=\"wpforms-submit-spinner\" style=\"display: none;\" width=\"26\" height=\"26\" alt=\"Loading\"><\/div><\/form><\/div>  <!-- .wpforms-container -->","protected":false},"excerpt":{"rendered":"<p>Aizpildiet nepiecie\u0161amos laukus, un m\u0113s ar Jums dr\u012bzum\u0101 sazin\u0101simies, lai vienotos par pas\u016btijumu.<\/p>\n","protected":false},"author":1,"featured_media":0,"parent":0,"menu_order":0,"comment_status":"closed","ping_status":"closed","template":"","meta":{"site-sidebar-layout":"default","site-content-layout":"","ast-site-content-layout":"default","site-content-style":"default","site-sidebar-style":"default","ast-global-header-display":"","ast-banner-title-visibility":"","ast-main-header-display":"","ast-hfb-above-header-display":"","ast-hfb-below-header-display":"","ast-hfb-mobile-header-display":"","site-post-title":"","ast-breadcrumbs-content":"","ast-featured-img":"","footer-sml-layout":"","ast-disable-related-posts":"","theme-transparent-header-meta":"","adv-header-id-meta":"","stick-header-meta":"","header-above-stick-meta":"","header-main-stick-meta":"","header-below-stick-meta":"","astra-migrate-meta-layouts":"default","ast-page-background-enabled":"default","ast-page-background-meta":{"desktop":{"background-color":"var(--ast-global-color-4)","background-image":"","background-repeat":"repeat","background-position":"center center","background-size":"auto","background-attachment":"scroll","background-type":"","background-media":"","overlay-type":"","overlay-color":"","overlay-opacity":"","overlay-gradient":""},"tablet":{"background-color":"","background-image":"","background-repeat":"repeat","background-position":"center center","background-size":"auto","background-attachment":"scroll","background-type":"","background-media":"","overlay-type":"","overlay-color":"","overlay-opacity":"","overlay-gradient":""},"mobile":{"background-color":"","background-image":"","background-repeat":"repeat","background-position":"center center","background-size":"auto","background-attachment":"scroll","background-type":"","background-media":"","overlay-type":"","overlay-color":"","overlay-opacity":"","overlay-gradient":""}},"ast-content-background-meta":{"desktop":{"background-color":"var(--ast-global-color-5)","background-image":"","background-repeat":"repeat","background-position":"center center","background-size":"auto","background-attachment":"scroll","background-type":"","background-media":"","overlay-type":"","overlay-color":"","overlay-opacity":"","overlay-gradient":""},"tablet":{"background-color":"var(--ast-global-color-5)","background-image":"","background-repeat":"repeat","background-position":"center center","background-size":"auto","background-attachment":"scroll","background-type":"","background-media":"","overlay-type":"","overlay-color":"","overlay-opacity":"","overlay-gradient":""},"mobile":{"background-color":"var(--ast-global-color-5)","background-image":"","background-repeat":"repeat","background-position":"center center","background-size":"auto","background-attachment":"scroll","background-type":"","background-media":"","overlay-type":"","overlay-color":"","overlay-opacity":"","overlay-gradient":""}},"footnotes":""},"class_list":["post-11","page","type-page","status-publish","hentry"],"_links":{"self":[{"href":"https:\/\/pontoni.lv\/index.php\/wp-json\/wp\/v2\/pages\/11","targetHints":{"allow":["GET"]}}],"collection":[{"href":"https:\/\/pontoni.lv\/index.php\/wp-json\/wp\/v2\/pages"}],"about":[{"href":"https:\/\/pontoni.lv\/index.php\/wp-json\/wp\/v2\/types\/page"}],"author":[{"embeddable":true,"href":"https:\/\/pontoni.lv\/index.php\/wp-json\/wp\/v2\/users\/1"}],"replies":[{"embeddable":true,"href":"https:\/\/pontoni.lv\/index.php\/wp-json\/wp\/v2\/comments?post=11"}],"version-history":[{"count":10,"href":"https:\/\/pontoni.lv\/index.php\/wp-json\/wp\/v2\/pages\/11\/revisions"}],"predecessor-version":[{"id":544,"href":"https:\/\/pontoni.lv\/index.php\/wp-json\/wp\/v2\/pages\/11\/revisions\/544"}],"wp:attachment":[{"href":"https:\/\/pontoni.lv\/index.php\/wp-json\/wp\/v2\/media?parent=11"}],"curies":[{"name":"wp","href":"https:\/\/api.w.org\/{rel}","templated":true}]}}